{"id":218,"date":"2025-10-17T07:38:39","date_gmt":"2025-10-17T07:38:39","guid":{"rendered":"https:\/\/lola-merceron.ipac-angers.yt\/?page_id=218"},"modified":"2025-11-12T10:24:42","modified_gmt":"2025-11-12T10:24:42","slug":"accueil-dupliquer-11","status":"publish","type":"page","link":"https:\/\/lola-merceron.ipac-angers.yt\/index.php\/accueil-dupliquer-11\/","title":{"rendered":"\u00c0 propos"},"content":{"rendered":"\t\t<div data-elementor-type=\"wp-page\" data-elementor-id=\"218\" class=\"elementor elementor-218\">\n\t\t\t\t<div class=\"elementor-element elementor-element-dbe6e22 e-con-full e-flex e-con e-parent\" data-id=\"dbe6e22\" data-element_type=\"container\" data-e-type=\"container\">\n\t\t<div class=\"elementor-element elementor-element-d4be248 e-con-full e-flex e-con e-child\" data-id=\"d4be248\" data-element_type=\"container\" data-e-type=\"container\" data-settings=\"{&quot;background_background&quot;:&quot;classic&quot;}\">\n\t\t\t\t<div class=\"elementor-element elementor-element-804bd0d elementor-widget elementor-widget-heading\" data-id=\"804bd0d\" data-element_type=\"widget\" data-e-type=\"widget\" data-widget_type=\"heading.default\">\n\t\t\t\t\t<h1 class=\"elementor-heading-title elementor-size-default\">\u00c0 PROPOS DE NOUS<\/h1>\t\t\t\t<\/div>\n\t\t\t\t<\/div>\n\t\t\t\t<\/div>\n\t\t<div class=\"elementor-element elementor-element-5da2e02 e-con-full e-flex e-con e-parent\" data-id=\"5da2e02\" data-element_type=\"container\" data-e-type=\"container\" data-settings=\"{&quot;background_background&quot;:&quot;classic&quot;}\">\n\t\t<div class=\"elementor-element elementor-element-b92b6e7 e-con-full e-flex e-con e-child\" data-id=\"b92b6e7\" data-element_type=\"container\" data-e-type=\"container\">\n\t\t\t\t<div class=\"elementor-element elementor-element-3e6684a elementor-widget__width-initial elementor-widget elementor-widget-image\" data-id=\"3e6684a\" data-element_type=\"widget\" data-e-type=\"widget\" data-widget_type=\"image.default\">\n\t\t\t\t\t\t\t\t\t\t\t\t\t\t\t<img decoding=\"async\" src=\"https:\/\/lola-merceron.ipac-angers.yt\/wp-content\/plugins\/elementor\/assets\/images\/placeholder.png\" title=\"\" alt=\"\" loading=\"lazy\" \/>\t\t\t\t\t\t\t\t\t\t\t\t\t\t\t<\/div>\n\t\t\t\t<\/div>\n\t\t<div class=\"elementor-element elementor-element-dad7d71 e-con-full e-flex e-con e-child\" data-id=\"dad7d71\" data-element_type=\"container\" data-e-type=\"container\">\n\t\t\t\t<div class=\"elementor-element elementor-element-8544aa2 elementor-widget elementor-widget-text-editor\" data-id=\"8544aa2\" data-element_type=\"widget\" data-e-type=\"widget\" data-widget_type=\"text-editor.default\">\n\t\t\t\t\t\t\t\t\t<p>Agence \u00e9v\u00e9nementielle bas\u00e9e \u00e0 Angers<\/p>\t\t\t\t\t\t\t\t<\/div>\n\t\t\t\t<div class=\"elementor-element elementor-element-755d6bf elementor-widget__width-inherit elementor-widget elementor-widget-text-editor\" data-id=\"755d6bf\" data-element_type=\"widget\" data-e-type=\"widget\" data-widget_type=\"text-editor.default\">\n\t\t\t\t\t\t\t\t\t<p data-start=\"329\" data-end=\"1062\">Situ\u00e9e \u00e0 Angers, au c\u0153ur des Pays de la Loire, notre agence \u00e9v\u00e9nementielle imagine et organise des salons qui font voyager autrement. Qu\u2019ils soient grand public (BtoC) ou professionnels (BtoB), nos \u00e9v\u00e9nements sont pens\u00e9s pour faire d\u00e9couvrir, inspirer et connecter.<\/p>\n<p data-start=\"329\" data-end=\"1062\">Depuis 2018, nous accompagnons nos clients avec une approche humaine, cr\u00e9ative et sur mesure, en alliant rigueur et imagination. Chaque projet est con\u00e7u comme une aventure partag\u00e9e, o\u00f9 la proximit\u00e9, la convivialit\u00e9 et l\u2019authenticit\u00e9 guident nos actions.<\/p><p data-start=\"329\" data-end=\"1062\"><br data-start=\"890\" data-end=\"893\">Notre mission : donner vie \u00e0 des exp\u00e9riences qui laissent une empreinte, valorisent les territoires et rapprochent les gens autour de la d\u00e9couverte et de la curiosit\u00e9.<\/p>\t\t\t\t\t\t\t\t<\/div>\n\t\t\t\t<\/div>\n\t\t\t\t<\/div>\n\t\t<div class=\"elementor-element elementor-element-2980813 e-con-full e-flex e-con e-child\" data-id=\"2980813\" data-element_type=\"container\" data-e-type=\"container\" data-settings=\"{&quot;background_background&quot;:&quot;classic&quot;}\">\n\t\t\t\t<div class=\"elementor-element elementor-element-696dd61 elementor-widget elementor-widget-heading\" data-id=\"696dd61\" data-element_type=\"widget\" data-e-type=\"widget\" data-widget_type=\"heading.default\">\n\t\t\t\t\t<h2 class=\"elementor-heading-title elementor-size-default\">mettre les logos <\/h2>\t\t\t\t<\/div>\n\t\t\t\t<\/div>\n\t\t<div class=\"elementor-element elementor-element-59f3935 e-con-full e-flex e-con e-child\" data-id=\"59f3935\" data-element_type=\"container\" data-e-type=\"container\" data-settings=\"{&quot;background_background&quot;:&quot;classic&quot;}\">\n\t\t\t\t<div class=\"elementor-element elementor-element-fc952d3 elementor-widget elementor-widget-heading\" data-id=\"fc952d3\" data-element_type=\"widget\" data-e-type=\"widget\" data-widget_type=\"heading.default\">\n\t\t\t\t\t<h2 class=\"elementor-heading-title elementor-size-default\">D\u00e9couvrez qui se cache derri\u00e8re Novasio<\/h2>\t\t\t\t<\/div>\n\t\t\t\t<\/div>\n\t\t<div class=\"elementor-element elementor-element-2646d34 e-con-full e-flex e-con e-parent\" data-id=\"2646d34\" data-element_type=\"container\" data-e-type=\"container\" data-settings=\"{&quot;background_background&quot;:&quot;classic&quot;}\">\n\t\t<div class=\"elementor-element elementor-element-0316fb2 e-con-full e-flex e-con e-child\" data-id=\"0316fb2\" data-element_type=\"container\" data-e-type=\"container\" data-settings=\"{&quot;background_background&quot;:&quot;classic&quot;}\">\n\t\t\t\t<div class=\"elementor-element elementor-element-5dfd125 elementor-widget elementor-widget-heading\" data-id=\"5dfd125\" data-element_type=\"widget\" data-e-type=\"widget\" data-widget_type=\"heading.default\">\n\t\t\t\t\t<h2 class=\"elementor-heading-title elementor-size-default\">Marine<\/h2>\t\t\t\t<\/div>\n\t\t\t\t<\/div>\n\t\t<div class=\"elementor-element elementor-element-2cfb6a1 e-con-full e-flex e-con e-child\" data-id=\"2cfb6a1\" data-element_type=\"container\" data-e-type=\"container\" data-settings=\"{&quot;background_background&quot;:&quot;classic&quot;}\">\n\t\t\t\t<div class=\"elementor-element elementor-element-692865d elementor-widget elementor-widget-heading\" data-id=\"692865d\" data-element_type=\"widget\" data-e-type=\"widget\" data-widget_type=\"heading.default\">\n\t\t\t\t\t<h2 class=\"elementor-heading-title elementor-size-default\">Manuela<\/h2>\t\t\t\t<\/div>\n\t\t\t\t<\/div>\n\t\t<div class=\"elementor-element elementor-element-9f2a44a e-con-full e-flex e-con e-child\" data-id=\"9f2a44a\" data-element_type=\"container\" data-e-type=\"container\" data-settings=\"{&quot;background_background&quot;:&quot;classic&quot;}\">\n\t\t\t\t<div class=\"elementor-element elementor-element-f02f498 elementor-widget elementor-widget-heading\" data-id=\"f02f498\" data-element_type=\"widget\" data-e-type=\"widget\" data-widget_type=\"heading.default\">\n\t\t\t\t\t<h2 class=\"elementor-heading-title elementor-size-default\">Marianne<\/h2>\t\t\t\t<\/div>\n\t\t\t\t<\/div>\n\t\t<div class=\"elementor-element elementor-element-814a8b5 e-con-full e-flex e-con e-child\" data-id=\"814a8b5\" data-element_type=\"container\" data-e-type=\"container\" data-settings=\"{&quot;background_background&quot;:&quot;classic&quot;}\">\n\t\t\t\t<div class=\"elementor-element elementor-element-b2f3e3d elementor-widget elementor-widget-heading\" data-id=\"b2f3e3d\" data-element_type=\"widget\" data-e-type=\"widget\" data-widget_type=\"heading.default\">\n\t\t\t\t\t<h2 class=\"elementor-heading-title elementor-size-default\">Lola<\/h2>\t\t\t\t<\/div>\n\t\t\t\t<\/div>\n\t\t\t\t<\/div>\n\t\t<div class=\"elementor-element elementor-element-de20910 e-con-full e-flex e-con e-parent\" data-id=\"de20910\" data-element_type=\"container\" data-e-type=\"container\" data-settings=\"{&quot;background_background&quot;:&quot;classic&quot;}\">\n\t\t<div class=\"elementor-element elementor-element-1f8610a e-con-full e-flex e-con e-child\" data-id=\"1f8610a\" data-element_type=\"container\" data-e-type=\"container\">\n\t\t\t\t<div class=\"elementor-element elementor-element-f1cd1e6 elementor-widget elementor-widget-text-editor\" data-id=\"f1cd1e6\" data-element_type=\"widget\" data-e-type=\"widget\" data-widget_type=\"text-editor.default\">\n\t\t\t\t\t\t\t\t\t<p data-start=\"620\" data-end=\"815\"><strong>Pro de la prod\u2019\u00a0 \u00a0<\/strong><\/p>\t\t\t\t\t\t\t\t<\/div>\n\t\t\t\t<div class=\"elementor-element elementor-element-7850ec9 elementor-widget elementor-widget-text-editor\" data-id=\"7850ec9\" data-element_type=\"widget\" data-e-type=\"widget\" data-widget_type=\"text-editor.default\">\n\t\t\t\t\t\t\t\t\t<p data-start=\"620\" data-end=\"815\">Marine, c\u2019est la reine de l\u2019organisation. Entre planning, prestas et logistique, elle g\u00e8re tout d\u2019une main s\u00fbre pour que tout roule sans stress.<\/p>\t\t\t\t\t\t\t\t<\/div>\n\t\t\t\t<\/div>\n\t\t<div class=\"elementor-element elementor-element-c42f805 e-con-full e-flex e-con e-child\" data-id=\"c42f805\" data-element_type=\"container\" data-e-type=\"container\">\n\t\t\t\t<div class=\"elementor-element elementor-element-8db24f7 elementor-widget elementor-widget-text-editor\" data-id=\"8db24f7\" data-element_type=\"widget\" data-e-type=\"widget\" data-widget_type=\"text-editor.default\">\n\t\t\t\t\t\t\t\t\t<p data-start=\"272\" data-end=\"463\"><strong>L\u2019\u00e9tincelle cr\u00e9ative<\/strong><\/p>\t\t\t\t\t\t\t\t<\/div>\n\t\t\t\t<div class=\"elementor-element elementor-element-d04928d elementor-widget elementor-widget-text-editor\" data-id=\"d04928d\" data-element_type=\"widget\" data-e-type=\"widget\" data-widget_type=\"text-editor.default\">\n\t\t\t\t\t\t\t\t\t<p data-start=\"272\" data-end=\"463\">Manuela, c\u2019est l\u2019\u00e9nergie de Novasio ! Elle imagine des campagnes qui claquent, cr\u00e9e du contenu vivant et fait rayonner l\u2019identit\u00e9 de l\u2019agence.<\/p>\t\t\t\t\t\t\t\t<\/div>\n\t\t\t\t<\/div>\n\t\t<div class=\"elementor-element elementor-element-6618625 e-con-full e-flex e-con e-child\" data-id=\"6618625\" data-element_type=\"container\" data-e-type=\"container\">\n\t\t\t\t<div class=\"elementor-element elementor-element-d6c12e7 elementor-widget elementor-widget-text-editor\" data-id=\"d6c12e7\" data-element_type=\"widget\" data-e-type=\"widget\" data-widget_type=\"text-editor.default\">\n\t\t\t\t\t\t\t\t\t<p data-start=\"620\" data-end=\"815\"><strong>L\u2019\u00e2me relationnelle<\/strong><\/p>\t\t\t\t\t\t\t\t<\/div>\n\t\t\t\t<div class=\"elementor-element elementor-element-ec31748 elementor-widget elementor-widget-text-editor\" data-id=\"ec31748\" data-element_type=\"widget\" data-e-type=\"widget\" data-widget_type=\"text-editor.default\">\n\t\t\t\t\t\t\t\t\t<p data-start=\"620\" data-end=\"815\">Toujours \u00e0 l\u2019\u00e9coute, Marianne tisse des relations solides avec clients et partenaires. Sa vision et son sens du contact font d\u2019elle un vrai pilier de l\u2019agence.<\/p>\t\t\t\t\t\t\t\t<\/div>\n\t\t\t\t<\/div>\n\t\t<div class=\"elementor-element elementor-element-7260d18 e-con-full e-flex e-con e-child\" data-id=\"7260d18\" data-element_type=\"container\" data-e-type=\"container\">\n\t\t\t\t<div class=\"elementor-element elementor-element-83cac43 elementor-widget elementor-widget-text-editor\" data-id=\"83cac43\" data-element_type=\"widget\" data-e-type=\"widget\" data-widget_type=\"text-editor.default\">\n\t\t\t\t\t\t\t\t\t<p data-start=\"620\" data-end=\"815\"><strong>Cheffe d&rsquo;orchestre<\/strong><\/p>\t\t\t\t\t\t\t\t<\/div>\n\t\t\t\t<div class=\"elementor-element elementor-element-ecf1f32 elementor-widget elementor-widget-text-editor\" data-id=\"ecf1f32\" data-element_type=\"widget\" data-e-type=\"widget\" data-widget_type=\"text-editor.default\">\n\t\t\t\t\t\t\t\t\t<p data-start=\"620\" data-end=\"815\">Cr\u00e9ative et organis\u00e9e, Lola fait avancer chaque projet dans la bonne humeur. Coordination, id\u00e9es, ambiance : elle garde le cap sans jamais perdre le sourire.<\/p>\t\t\t\t\t\t\t\t<\/div>\n\t\t\t\t<\/div>\n\t\t\t\t<\/div>\n\t\t<div class=\"elementor-element elementor-element-53a8398 e-con-full e-flex e-con e-parent\" data-id=\"53a8398\" data-element_type=\"container\" data-e-type=\"container\" data-settings=\"{&quot;background_background&quot;:&quot;classic&quot;}\">\n\t\t<div class=\"elementor-element elementor-element-5f33ba5 e-con-full e-flex e-con e-child\" data-id=\"5f33ba5\" data-element_type=\"container\" data-e-type=\"container\">\n\t\t\t\t<div class=\"elementor-element elementor-element-4f6499e elementor-widget__width-inherit elementor-widget elementor-widget-text-editor\" data-id=\"4f6499e\" data-element_type=\"widget\" data-e-type=\"widget\" data-widget_type=\"text-editor.default\">\n\t\t\t\t\t\t\t\t\t<p>\u00c0 nous quatre, nous formons une \u00e9quipe compl\u00e9mentaire, passionn\u00e9e et \u00e0 taille humaine, o\u00f9 chacune apporte son savoir-faire, sa personnalit\u00e9 et sa touche d\u2019\u00e9nergie. Notre complicit\u00e9 est notre plus grande force : elle nous permet de travailler avec enthousiasme, de r\u00e9agir avec agilit\u00e9, et surtout de faire de chaque salon une exp\u00e9rience inoubliable pour le public comme pour nos partenaires. Parce qu\u2019au fond, notre ambition est simple : Cr\u00e9er des \u00e9v\u00e9nements qui rassemblent, qui inspirent et qui font vibrer.<\/p>\t\t\t\t\t\t\t\t<\/div>\n\t\t\t\t<\/div>\n\t\t\t\t<\/div>\n\t\t<div class=\"elementor-element elementor-element-6eb399e e-con-full e-flex e-con e-parent\" data-id=\"6eb399e\" data-element_type=\"container\" data-e-type=\"container\">\n\t\t\t\t<\/div>\n\t\t<div class=\"elementor-element elementor-element-36072e6 e-con-full e-flex e-con e-parent\" data-id=\"36072e6\" data-element_type=\"container\" data-e-type=\"container\" data-settings=\"{&quot;background_background&quot;:&quot;classic&quot;}\">\n\t\t<div class=\"elementor-element elementor-element-0a09524 e-con-full e-flex e-con e-child\" data-id=\"0a09524\" data-element_type=\"container\" data-e-type=\"container\" data-settings=\"{&quot;background_background&quot;:&quot;classic&quot;}\">\n\t\t\t\t<div class=\"elementor-element elementor-element-fd0a7f4 elementor-widget elementor-widget-heading\" data-id=\"fd0a7f4\" data-element_type=\"widget\" data-e-type=\"widget\" data-widget_type=\"heading.default\">\n\t\t\t\t\t<h1 class=\"elementor-heading-title elementor-size-default\">CONTACT<\/h1>\t\t\t\t<\/div>\n\t\t\t\t<div class=\"elementor-element elementor-element-4512fbc elementor-widget elementor-widget-elementskit-social-media\" data-id=\"4512fbc\" data-element_type=\"widget\" data-e-type=\"widget\" data-widget_type=\"elementskit-social-media.default\">\n\t\t\t\t<div class=\"elementor-widget-container\">\n\t\t\t\t\t<div class=\"ekit-wid-con\" >\t\t\t <ul class=\"ekit_social_media\">\n\t\t\t\t\t\t\t\t\t\t\t\t\t\t<li class=\"elementor-repeater-item-ee51ea9\">\n\t\t\t\t\t    <a\n\t\t\t\t\t\thref=\"https:\/\/facebook.com\" aria-label=\"Facebook\" class=\"facebook\" >\n\t\t\t\t\t\t\t\n\t\t\t\t\t\t\t<i aria-hidden=\"true\" class=\"icon icon-facebook\"><\/i>\n                                                                                                            <\/a>\n                    <\/li>\n                    \t\t\t\t\t\t\t\t\t\t\t\t\t\t<li class=\"elementor-repeater-item-cd50a5d\">\n\t\t\t\t\t    <a\n\t\t\t\t\t\thref=\"https:\/\/facebook.com\" aria-label=\"LinkedIn\" class=\"linkedin\" >\n\t\t\t\t\t\t\t\n\t\t\t\t\t\t\t<i aria-hidden=\"true\" class=\"icon icon-linkedin\"><\/i>\n                                                                                                            <\/a>\n                    <\/li>\n                    \t\t\t\t\t\t\t\t\t\t\t\t\t\t<li class=\"elementor-repeater-item-63787d7\">\n\t\t\t\t\t    <a\n\t\t\t\t\t\thref=\"https:\/\/facebook.com\" aria-label=\"Instagram\" class=\"1\" >\n\t\t\t\t\t\t\t\n\t\t\t\t\t\t\t<i aria-hidden=\"true\" class=\"icon icon-instagram-1\"><\/i>\n                                                                                                            <\/a>\n                    <\/li>\n                    \t\t\t\t\t\t\t<\/ul>\n\t\t<\/div>\t\t\t\t<\/div>\n\t\t\t\t<\/div>\n\t\t\t\t<\/div>\n\t\t\t\t<\/div>\n\t\t\t\t<\/div>\n\t\t","protected":false},"excerpt":{"rendered":"<p>\u00c0 PROPOS DE NOUS Agence \u00e9v\u00e9nementielle bas\u00e9e \u00e0 Angers Situ\u00e9e \u00e0 Angers, au c\u0153ur des Pays de la Loire, notre agence \u00e9v\u00e9nementielle imagine et organise des salons qui font voyager autrement. Qu\u2019ils soient grand public (BtoC) ou professionnels (BtoB), nos \u00e9v\u00e9nements sont pens\u00e9s pour faire d\u00e9couvrir, inspirer et connecter. Depuis 2018, nous accompagnons nos clients [&hellip;]<\/p>\n","protected":false},"author":1,"featured_media":0,"parent":0,"menu_order":0,"comment_status":"closed","ping_status":"closed","template":"elementor_canvas","meta":{"footnotes":""},"class_list":["post-218","page","type-page","status-publish","hentry"],"_links":{"self":[{"href":"https:\/\/lola-merceron.ipac-angers.yt\/index.php\/wp-json\/wp\/v2\/pages\/218","targetHints":{"allow":["GET"]}}],"collection":[{"href":"https:\/\/lola-merceron.ipac-angers.yt\/index.php\/wp-json\/wp\/v2\/pages"}],"about":[{"href":"https:\/\/lola-merceron.ipac-angers.yt\/index.php\/wp-json\/wp\/v2\/types\/page"}],"author":[{"embeddable":true,"href":"https:\/\/lola-merceron.ipac-angers.yt\/index.php\/wp-json\/wp\/v2\/users\/1"}],"replies":[{"embeddable":true,"href":"https:\/\/lola-merceron.ipac-angers.yt\/index.php\/wp-json\/wp\/v2\/comments?post=218"}],"version-history":[{"count":55,"href":"https:\/\/lola-merceron.ipac-angers.yt\/index.php\/wp-json\/wp\/v2\/pages\/218\/revisions"}],"predecessor-version":[{"id":548,"href":"https:\/\/lola-merceron.ipac-angers.yt\/index.php\/wp-json\/wp\/v2\/pages\/218\/revisions\/548"}],"wp:attachment":[{"href":"https:\/\/lola-merceron.ipac-angers.yt\/index.php\/wp-json\/wp\/v2\/media?parent=218"}],"curies":[{"name":"wp","href":"https:\/\/api.w.org\/{rel}","templated":true}]}}